{"id":947,"date":"2024-01-23T19:08:22","date_gmt":"2024-01-23T18:08:22","guid":{"rendered":"https:\/\/association-marie-ngafa.org\/?page_id=947"},"modified":"2024-03-21T18:09:19","modified_gmt":"2024-03-21T17:09:19","slug":"nos-besoins","status":"publish","type":"page","link":"https:\/\/association-marie-ngafa.org\/index.php\/1044-2\/nos-besoins\/","title":{"rendered":"NOS BESOINS"},"content":{"rendered":"\n<p>Les besoins n\u00e9cessaires pour la campagne de collecte de fonds et mat\u00e9riels scolaires pour 200 jeunes filles :<\/p>\n\n\n\n<h2 class=\"wp-block-heading\"><strong>Besoins scolaires pour un(e) \u00e9l\u00e8ve du primaire :<\/strong><\/h2>\n\n\n\n<p><\/p>\n\n\n\n<p>Pension : 35 000<\/p>\n\n\n\n<p>Livres : 50 000<\/p>\n\n\n\n<p>Cahiers : 30 000<\/p>\n\n\n\n<p>Stylos et Crayons : 5 000<\/p>\n\n\n\n<p>Sacs : 15 000<\/p>\n\n\n\n<p>Tenues : 20 000<\/p>\n\n\n\n<p>Chaussures: 20 000<\/p>\n\n\n\n<p>Transport : 40 000<\/p>\n\n\n\n<p>Go\u00fbter : 40 000<\/p>\n\n\n\n<p>Soins m\u00e9dicaux : 30 000<\/p>\n\n\n\n<p>Co\u00fbt total pour une \u00e9l\u00e8ve du primaire par an :<br \/>285 000<\/p>\n\n\n\n<p><\/p>\n\n\n\n<h2 class=\"wp-block-heading\"><strong>Besoins scolaires pour un(e) \u00e9l\u00e8ve du secondaire.<\/strong><\/h2>\n\n\n\n<p>Pension : 50 000<\/p>\n\n\n\n<p>Livres : 50 000<\/p>\n\n\n\n<p>Cahiers : 30 000<\/p>\n\n\n\n<p>Stylos et Crayons : 5 000<\/p>\n\n\n\n<p>Sacs : 15 000<\/p>\n\n\n\n<p>Tenues: 20 000<\/p>\n\n\n\n<p>02 paires de tennis: 20 000<\/p>\n\n\n\n<p>Transport : 40 000<\/p>\n\n\n\n<p>Go\u00fbter : 40 000<\/p>\n\n\n\n<p>Soins m\u00e9dicaux : 30 000<\/p>\n\n\n\n<p>Co\u00fbt total pour un(e) \u00e9l\u00e8ve au secondaire par an : 300 000<\/p>\n\n\n\n<figure class=\"wp-block-image\"><img fetchpriority=\"high\" decoding=\"async\" width=\"1280\" height=\"960\" src=\"https:\/\/association-marie-ngafa.org\/wp-content\/uploads\/2024\/01\/img-20240111-wa00808882617413934439306.jpg\" alt=\"\" class=\"wp-image-832\" srcset=\"https:\/\/association-marie-ngafa.org\/wp-content\/uploads\/2024\/01\/img-20240111-wa00808882617413934439306.jpg 1280w, https:\/\/association-marie-ngafa.org\/wp-content\/uploads\/2024\/01\/img-20240111-wa00808882617413934439306-300x225.jpg 300w, https:\/\/association-marie-ngafa.org\/wp-content\/uploads\/2024\/01\/img-20240111-wa00808882617413934439306-1024x768.jpg 1024w, https:\/\/association-marie-ngafa.org\/wp-content\/uploads\/2024\/01\/img-20240111-wa00808882617413934439306-768x576.jpg 768w\" sizes=\"(max-width: 1280px) 100vw, 1280px\" \/><\/figure>\n\n\n\n<p><\/p>\n\n\n\n<p>Besoins pour le programme de sensibilisation et de formation de 100 filles d\u00e9munies aux Petites Activit\u00e9s G\u00e9n\u00e9ratrices de Revenus.<\/p>\n\n\n\n<figure class=\"wp-block-image size-large\"><img decoding=\"async\" width=\"828\" height=\"798\" src=\"https:\/\/association-marie-ngafa.org\/wp-content\/uploads\/2024\/03\/img_5552-1.jpg\" alt=\"\" class=\"wp-image-1129\" srcset=\"https:\/\/association-marie-ngafa.org\/wp-content\/uploads\/2024\/03\/img_5552-1.jpg 828w, https:\/\/association-marie-ngafa.org\/wp-content\/uploads\/2024\/03\/img_5552-1-300x289.jpg 300w, https:\/\/association-marie-ngafa.org\/wp-content\/uploads\/2024\/03\/img_5552-1-768x740.jpg 768w\" sizes=\"(max-width: 828px) 100vw, 828px\" \/><figcaption class=\"wp-element-caption\">La liste des diff\u00e9rents besoins<\/figcaption><\/figure>\n\n\n\n<p><\/p>\n\n\n\n<figure class=\"wp-block-image\"><img decoding=\"async\" width=\"1500\" height=\"2000\" src=\"https:\/\/association-marie-ngafa.org\/wp-content\/uploads\/2024\/01\/img_20230624_173845_171@-6165446587379165570020106861.jpg\" alt=\"\" class=\"wp-image-837\" srcset=\"https:\/\/association-marie-ngafa.org\/wp-content\/uploads\/2024\/01\/img_20230624_173845_171@-6165446587379165570020106861.jpg 1500w, https:\/\/association-marie-ngafa.org\/wp-content\/uploads\/2024\/01\/img_20230624_173845_171@-6165446587379165570020106861-225x300.jpg 225w, https:\/\/association-marie-ngafa.org\/wp-content\/uploads\/2024\/01\/img_20230624_173845_171@-6165446587379165570020106861-768x1024.jpg 768w, https:\/\/association-marie-ngafa.org\/wp-content\/uploads\/2024\/01\/img_20230624_173845_171@-6165446587379165570020106861-1152x1536.jpg 1152w\" sizes=\"(max-width: 1500px) 100vw, 1500px\" \/><\/figure>\n\n\n\n<p>L&#8217;absence d&#8217;acc\u00e8s \u00e0 l&#8217;\u00e9ducation pour les filles ne devrait plus \u00eatre une r\u00e9alit\u00e9. Malheureusement, aujourd&#8217;hui encore, nous constatons que, des filles qui, en raison des contraintes financi\u00e8res, ne peuvent pas aller \u00e0 l&#8217;\u00e9cole et qui sont inactives faute de moyens financiers. Cette situation demeure inacceptable pour nous.<\/p>\n\n\n\n<p>Contactez nous! Ensemble nous arriverons !<\/p>\n","protected":false},"excerpt":{"rendered":"<p>Les besoins n\u00e9cessaires pour la campagne de collecte de fonds et mat\u00e9riels scolaires pour 200 jeunes filles : Besoins scolaires pour un(e) \u00e9l\u00e8ve du primaire : Pension : 35 000 Livres : 50 000 Cahiers : 30 000 Stylos et Crayons : 5 000 Sacs : 15 000 Tenues : 20 000 Chaussures: 20 000 [&hellip;]<\/p>\n","protected":false},"author":1,"featured_media":0,"parent":1044,"menu_order":0,"comment_status":"open","ping_status":"closed","template":"","meta":{"footnotes":""},"_links":{"self":[{"href":"https:\/\/association-marie-ngafa.org\/index.php\/wp-json\/wp\/v2\/pages\/947"}],"collection":[{"href":"https:\/\/association-marie-ngafa.org\/index.php\/wp-json\/wp\/v2\/pages"}],"about":[{"href":"https:\/\/association-marie-ngafa.org\/index.php\/wp-json\/wp\/v2\/types\/page"}],"author":[{"embeddable":true,"href":"https:\/\/association-marie-ngafa.org\/index.php\/wp-json\/wp\/v2\/users\/1"}],"replies":[{"embeddable":true,"href":"https:\/\/association-marie-ngafa.org\/index.php\/wp-json\/wp\/v2\/comments?post=947"}],"version-history":[{"count":3,"href":"https:\/\/association-marie-ngafa.org\/index.php\/wp-json\/wp\/v2\/pages\/947\/revisions"}],"predecessor-version":[{"id":1131,"href":"https:\/\/association-marie-ngafa.org\/index.php\/wp-json\/wp\/v2\/pages\/947\/revisions\/1131"}],"up":[{"embeddable":true,"href":"https:\/\/association-marie-ngafa.org\/index.php\/wp-json\/wp\/v2\/pages\/1044"}],"wp:attachment":[{"href":"https:\/\/association-marie-ngafa.org\/index.php\/wp-json\/wp\/v2\/media?parent=947"}],"curies":[{"name":"wp","href":"https:\/\/api.w.org\/{rel}","templated":true}]}}