{"id":943,"date":"2024-01-23T19:04:02","date_gmt":"2024-01-23T18:04:02","guid":{"rendered":"https:\/\/association-marie-ngafa.org\/?page_id=943"},"modified":"2024-03-21T15:59:19","modified_gmt":"2024-03-21T14:59:19","slug":"campangnes","status":"publish","type":"page","link":"https:\/\/association-marie-ngafa.org\/index.php\/campangnes\/","title":{"rendered":"CAMPAGNES"},"content":{"rendered":"\n<p>LES CAMPAGNES LANCEES POUR L&#8217; ANNEE 2023 &#8211; 2024<\/p>\n\n\n\n<p>1-Campagne de Collecte de Fonds et de Mat\u00e9riel Scolaire<br \/>l&#8217;Association MARIE NGAFA a lanc\u00e9 une campagne de collecte de fonds et du mat\u00e9riel scolaire, dans le but de couvrir les besoins scolaires de 400 jeunes filles d\u00e9munies de l \u00e9cole primaire et du Coll\u00e8ge d&#8217;Enseignement Secondaire (CES) et Mfida et du Groupe Scolaire Bilingue Mewoulou \u00e0 Mvog Ebanda Yaound\u00e9.<\/p>\n\n\n\n<p>Une fille bien \u00e9duqu\u00e9e excelle \u00e0 l&#8217;\u00e9cole et devient un moteur de d\u00e9veloppement pour elle-m\u00eame, sa famille et la soci\u00e9t\u00e9.<\/p>\n\n\n\n<p>Nous sollicitons votre soutien ! Nous ne pouvons pas le faire seuls !<\/p>\n\n\n\n<p>2- Campagne de formation de 100 jeunes filles et 100 femmes dans les Plus Petites et les Petites Activit\u00e9s G\u00e9n\u00e9ratrices de Revenues( PPAGR\/PAGR). Nous leur offrirons par la suite, le capital pour le d\u00e9marrage de l activit\u00e9 choisie.<\/p>\n\n\n\n<p>3&#8211; Campagne de sensibilisation de 300 jeunes filles sur la SANTE ( VlH\/SIDA, Sexualit\u00e9 , Planning familial , IST , grossesses pr\u00e9coces \u2026)<br \/>et par la suite nous leurs offriront des pr\u00e9servatifs et des contraceptifs.<\/p>\n","protected":false},"excerpt":{"rendered":"<p>LES CAMPAGNES LANCEES POUR L&#8217; ANNEE 2023 &#8211; 2024 1-Campagne de Collecte de Fonds et de Mat\u00e9riel Scolairel&#8217;Association MARIE NGAFA a lanc\u00e9 une campagne de collecte de fonds et du mat\u00e9riel scolaire, dans le but de couvrir les besoins scolaires de 400 jeunes filles d\u00e9munies de l \u00e9cole primaire et du Coll\u00e8ge d&#8217;Enseignement Secondaire (CES) [&hellip;]<\/p>\n","protected":false},"author":1,"featured_media":0,"parent":0,"menu_order":0,"comment_status":"open","ping_status":"closed","template":"","meta":{"footnotes":""},"_links":{"self":[{"href":"https:\/\/association-marie-ngafa.org\/index.php\/wp-json\/wp\/v2\/pages\/943"}],"collection":[{"href":"https:\/\/association-marie-ngafa.org\/index.php\/wp-json\/wp\/v2\/pages"}],"about":[{"href":"https:\/\/association-marie-ngafa.org\/index.php\/wp-json\/wp\/v2\/types\/page"}],"author":[{"embeddable":true,"href":"https:\/\/association-marie-ngafa.org\/index.php\/wp-json\/wp\/v2\/users\/1"}],"replies":[{"embeddable":true,"href":"https:\/\/association-marie-ngafa.org\/index.php\/wp-json\/wp\/v2\/comments?post=943"}],"version-history":[{"count":5,"href":"https:\/\/association-marie-ngafa.org\/index.php\/wp-json\/wp\/v2\/pages\/943\/revisions"}],"predecessor-version":[{"id":1107,"href":"https:\/\/association-marie-ngafa.org\/index.php\/wp-json\/wp\/v2\/pages\/943\/revisions\/1107"}],"wp:attachment":[{"href":"https:\/\/association-marie-ngafa.org\/index.php\/wp-json\/wp\/v2\/media?parent=943"}],"curies":[{"name":"wp","href":"https:\/\/api.w.org\/{rel}","templated":true}]}}