{"id":1172,"date":"2024-03-22T17:48:40","date_gmt":"2024-03-22T16:48:40","guid":{"rendered":"https:\/\/association-marie-ngafa.org\/?page_id=1172"},"modified":"2024-03-22T17:51:38","modified_gmt":"2024-03-22T16:51:38","slug":"actualite","status":"publish","type":"page","link":"https:\/\/association-marie-ngafa.org\/index.php\/actualite\/","title":{"rendered":"Actualit\u00e9"},"content":{"rendered":"\n<p><\/p>\n\n\n\n<p>Dans nos prochaines publications, vous recevrez notre actualit\u00e9 notamment les dons, activit\u00e9s effectu\u00e9es\u2026<\/p>\n\n\n\n<p><\/p>\n\n\n\n<p><\/p>\n\n\n\n<figure class=\"wp-block-image size-large\"><img decoding=\"async\" width=\"129\" height=\"129\" src=\"https:\/\/association-marie-ngafa.org\/wp-content\/uploads\/2024\/03\/b76bcedc-cb82-49de-aae3-5737d3aee1e8-1.jpg\" class=\"wp-image-1171\"\/><\/figure>\n","protected":false},"excerpt":{"rendered":"<p>Dans nos prochaines publications, vous recevrez notre actualit\u00e9 notamment les dons, activit\u00e9s effectu\u00e9es\u2026<\/p>\n","protected":false},"author":1,"featured_media":0,"parent":0,"menu_order":0,"comment_status":"closed","ping_status":"closed","template":"","meta":{"footnotes":""},"_links":{"self":[{"href":"https:\/\/association-marie-ngafa.org\/index.php\/wp-json\/wp\/v2\/pages\/1172"}],"collection":[{"href":"https:\/\/association-marie-ngafa.org\/index.php\/wp-json\/wp\/v2\/pages"}],"about":[{"href":"https:\/\/association-marie-ngafa.org\/index.php\/wp-json\/wp\/v2\/types\/page"}],"author":[{"embeddable":true,"href":"https:\/\/association-marie-ngafa.org\/index.php\/wp-json\/wp\/v2\/users\/1"}],"replies":[{"embeddable":true,"href":"https:\/\/association-marie-ngafa.org\/index.php\/wp-json\/wp\/v2\/comments?post=1172"}],"version-history":[{"count":1,"href":"https:\/\/association-marie-ngafa.org\/index.php\/wp-json\/wp\/v2\/pages\/1172\/revisions"}],"predecessor-version":[{"id":1173,"href":"https:\/\/association-marie-ngafa.org\/index.php\/wp-json\/wp\/v2\/pages\/1172\/revisions\/1173"}],"wp:attachment":[{"href":"https:\/\/association-marie-ngafa.org\/index.php\/wp-json\/wp\/v2\/media?parent=1172"}],"curies":[{"name":"wp","href":"https:\/\/api.w.org\/{rel}","templated":true}]}}