{"id":1162,"date":"2024-03-22T17:26:19","date_gmt":"2024-03-22T16:26:19","guid":{"rendered":"https:\/\/association-marie-ngafa.org\/?page_id=1162"},"modified":"2024-03-22T17:45:57","modified_gmt":"2024-03-22T16:45:57","slug":"a-propos-de-nous","status":"publish","type":"page","link":"https:\/\/association-marie-ngafa.org\/index.php\/a-propos-de-nous\/","title":{"rendered":"\u00c0 PROPOS DE NOUS"},"content":{"rendered":"\n<p>Marie Florence Ngafa Balla, fondatrice de l&#8217;Association Marie Ngafa, cumule des ann\u00e9es d&#8217;exp\u00e9rience dans le secteur bancaire. N\u00e9e dans la r\u00e9gion centre au Cameroun, sa m\u00e8re, Mme Balla n\u00e9e NGAFA Marie, une infirmi\u00e8re originaire d&#8217;Etoudi, Tongolo, \u00e0 Yaound\u00e9, et son p\u00e8re, M. Balla Balla Donatien, un officier de police de haut rang de Mvog-Ebanda, ont fa\u00e7onn\u00e9 son parcours.<\/p>\n\n\n\n<p>\u00c9lev\u00e9e dans une famille nombreuse, avec au moins 15 personnes \u00e0 la maison, Marie Florence a grandi dans une grande maison. Sa m\u00e8re, en l&#8217;honneur de qui l&#8217;association a \u00e9t\u00e9 fond\u00e9e, a adopt\u00e9 des personnes dans le besoin tant \u00e0 l int\u00e9rieur de la famille qu&#8217;\u00e0 l ext\u00e9rieure. Par sa profession d infirmi\u00e8re sa maison ressemblait \u00e0 un centre d acceuil des personnes en difficult\u00e9es. Aujourd&#8217;hui, gr\u00e2ce \u00e0 sa m\u00e8re, Marie Florence \u00e0 la chance d\u2019avoir des fr\u00e8res et s\u0153urs partout dans le monde sans aucun lien biologie. La pratique de sa m\u00e8re consistant \u00e0 soutenir les personnes dans le besoin l&#8217;a profond\u00e9ment sensibilis\u00e9e \u00e0 la souffrance des autres. Lorsque Marie Florence a \u00e9t\u00e9 recrut\u00e9e dans son poste actuel \u00e0 la Banque Centrale de l&#8217;Afrique, elle s&#8217;est engag\u00e9e \u00e0 aider les filles, les femmes et les enfants dans le besoin par l&#8217;\u00e9ducation et l&#8217;autonomisation, en utilisant une partie de son salaire mensuel.<\/p>\n\n\n\n<p>Elle a toujours r\u00eav\u00e9 d&#8217;un monde o\u00f9 chaque fille aurait l&#8217;opportunit\u00e9 d&#8217;aller \u00e0 l&#8217;\u00e9cole, ind\u00e9pendamment de sa classe sociale, de son ethnie, de sa religion ou de sa race. Aujourd&#8217;hui, elle est heureuse d&#8217;avoir informellement aid\u00e9 de nombreuses filles \u00e0 recevoir une \u00e9ducation de qualit\u00e9 et \u00e0 devenir des femmes ind\u00e9pendantes et pr\u00e9cieuses dans leur soci\u00e9t\u00e9.<\/p>\n\n\n\n<p>Cependant, malgr\u00e9 tous ses efforts, les besoins augmentent et la demande est forte. Avec son salaire seul, elle ne peut pas couvrir les besoins \u00e9ducatifs de nombreuses jeunes filles d\u00e9favoris\u00e9es qui viennent la solliciter. C&#8217;est pourquoi elle se tourne vers vous. Pour recevoir l\u00e9galement votre assistance, elle a cr\u00e9\u00e9, avec des personnes partageant les m\u00eames id\u00e9es, l&#8217;Association Marie Ngafa, qui vise \u00e0 soutenir et d\u00e9fendre les jeunes filles, les femmes et les enfants en d\u00e9tresse au Cameroun et dans le monde entier pour leurs besoins en \u00e9ducation, protection, sant\u00e9 et ind\u00e9pendance \u00e9conomique.<\/p>\n\n\n\n<p>Aujourd&#8217;hui, gr\u00e2ce \u00e0 sa m\u00e8re, Marie Florence a des fr\u00e8res et s\u0153urs partout dans le monde. La pratique de sa m\u00e8re consistant \u00e0 soutenir les personnes dans le besoin l&#8217;a profond\u00e9ment sensibilis\u00e9e \u00e0 la souffrance des autres. Lorsque Marie Florence a \u00e9t\u00e9 recrut\u00e9e dans son poste actuel \u00e0 la Banque Centrale de l&#8217;Afrique, elle s&#8217;est engag\u00e9e \u00e0 aider les filles, les femmes et les enfants dans le besoin par l&#8217;\u00e9ducation et l&#8217;autonomisation, en utilisant une partie de son salaire mensuel.<\/p>\n\n\n\n<p>Elle a toujours r\u00eav\u00e9 d&#8217;un monde o\u00f9 chaque fille aurait l&#8217;opportunit\u00e9 d&#8217;aller \u00e0 l&#8217;\u00e9cole, ind\u00e9pendamment de sa classe sociale, de son ethnie, de sa religion ou de sa race. Aujourd&#8217;hui, elle est heureuse d&#8217;avoir informellement aid\u00e9 de nombreuses filles \u00e0 recevoir une \u00e9ducation de qualit\u00e9 et \u00e0 devenir des femmes ind\u00e9pendantes et pr\u00e9cieuses dans leur soci\u00e9t\u00e9.<\/p>\n\n\n\n<p>Cependant, malgr\u00e9 tous ses efforts, les besoins augmentent et la demande est forte. Avec son salaire seul, elle ne peut pas couvrir les besoins \u00e9ducatifs de nombreuses jeunes filles d\u00e9favoris\u00e9es qui viennent la solliciter. C&#8217;est pourquoi elle se tourne vers vous. Pour recevoir l\u00e9galement votre assistance, elle a cr\u00e9\u00e9, avec des personnes partageant les m\u00eames id\u00e9es, l&#8217;Association Marie Ngafa, qui vise \u00e0 soutenir et d\u00e9fendre les jeunes filles, les femmes et les enfants en d\u00e9tresse au Cameroun et dans le monde entier pour leurs besoins en \u00e9ducation, protection, sant\u00e9 et ind\u00e9pendance \u00e9conomique.<\/p>\n\n\n\n<h3 class=\"wp-block-heading\">la possibilit\u00e9 \u00e0 des jeunes filles d\u00e9favoris\u00e9es d&#8217;acqu\u00e9rir des connaissances qui leurs permettront d&#8217;acc\u00e9der \u00e0 un emploi.<\/h3>\n\n\n\n<p><\/p>\n\n\n\n<figure class=\"wp-block-image size-large\"><img fetchpriority=\"high\" decoding=\"async\" width=\"1024\" height=\"768\" src=\"https:\/\/association-marie-ngafa.org\/wp-content\/uploads\/2024\/03\/922129be-363c-4722-8eaf-82d6988dd797-1-1-1024x768.jpg\" alt=\"\" class=\"wp-image-1158\" srcset=\"https:\/\/association-marie-ngafa.org\/wp-content\/uploads\/2024\/03\/922129be-363c-4722-8eaf-82d6988dd797-1-1-1024x768.jpg 1024w, https:\/\/association-marie-ngafa.org\/wp-content\/uploads\/2024\/03\/922129be-363c-4722-8eaf-82d6988dd797-1-1-300x225.jpg 300w, https:\/\/association-marie-ngafa.org\/wp-content\/uploads\/2024\/03\/922129be-363c-4722-8eaf-82d6988dd797-1-1-768x576.jpg 768w, https:\/\/association-marie-ngafa.org\/wp-content\/uploads\/2024\/03\/922129be-363c-4722-8eaf-82d6988dd797-1-1.jpg 1280w\" sizes=\"(max-width: 1024px) 100vw, 1024px\" \/><\/figure>\n\n\n\n<p><\/p>\n\n\n\n<figure class=\"wp-block-image size-large\"><img decoding=\"async\" width=\"300\" height=\"225\" src=\"https:\/\/association-marie-ngafa.org\/wp-content\/uploads\/2024\/03\/c9e3b337-fa6d-4bd2-95c7-b4c4b8ba0e66-2-1-300x225.jpg\" alt=\"\" class=\"wp-image-1161\" srcset=\"https:\/\/association-marie-ngafa.org\/wp-content\/uploads\/2024\/03\/c9e3b337-fa6d-4bd2-95c7-b4c4b8ba0e66-2-1-300x225.jpg 300w, https:\/\/association-marie-ngafa.org\/wp-content\/uploads\/2024\/03\/c9e3b337-fa6d-4bd2-95c7-b4c4b8ba0e66-2-1-768x576.jpg 768w, https:\/\/association-marie-ngafa.org\/wp-content\/uploads\/2024\/03\/c9e3b337-fa6d-4bd2-95c7-b4c4b8ba0e66-2-1.jpg 1024w\" sizes=\"(max-width: 300px) 100vw, 300px\" \/><\/figure>\n","protected":false},"excerpt":{"rendered":"<p>Marie Florence Ngafa Balla, fondatrice de l&#8217;Association Marie Ngafa, cumule des ann\u00e9es d&#8217;exp\u00e9rience dans le secteur bancaire. N\u00e9e dans la r\u00e9gion centre au Cameroun, sa m\u00e8re, Mme Balla n\u00e9e NGAFA Marie, une infirmi\u00e8re originaire d&#8217;Etoudi, Tongolo, \u00e0 Yaound\u00e9, et son p\u00e8re, M. Balla Balla Donatien, un officier de police de haut rang de Mvog-Ebanda, ont [&hellip;]<\/p>\n","protected":false},"author":1,"featured_media":0,"parent":0,"menu_order":0,"comment_status":"closed","ping_status":"closed","template":"","meta":{"footnotes":""},"_links":{"self":[{"href":"https:\/\/association-marie-ngafa.org\/index.php\/wp-json\/wp\/v2\/pages\/1162"}],"collection":[{"href":"https:\/\/association-marie-ngafa.org\/index.php\/wp-json\/wp\/v2\/pages"}],"about":[{"href":"https:\/\/association-marie-ngafa.org\/index.php\/wp-json\/wp\/v2\/types\/page"}],"author":[{"embeddable":true,"href":"https:\/\/association-marie-ngafa.org\/index.php\/wp-json\/wp\/v2\/users\/1"}],"replies":[{"embeddable":true,"href":"https:\/\/association-marie-ngafa.org\/index.php\/wp-json\/wp\/v2\/comments?post=1162"}],"version-history":[{"count":3,"href":"https:\/\/association-marie-ngafa.org\/index.php\/wp-json\/wp\/v2\/pages\/1162\/revisions"}],"predecessor-version":[{"id":1169,"href":"https:\/\/association-marie-ngafa.org\/index.php\/wp-json\/wp\/v2\/pages\/1162\/revisions\/1169"}],"wp:attachment":[{"href":"https:\/\/association-marie-ngafa.org\/index.php\/wp-json\/wp\/v2\/media?parent=1162"}],"curies":[{"name":"wp","href":"https:\/\/api.w.org\/{rel}","templated":true}]}}