{"id":1116,"date":"2024-03-21T16:18:58","date_gmt":"2024-03-21T15:18:58","guid":{"rendered":"https:\/\/association-marie-ngafa.org\/?page_id=1116"},"modified":"2024-03-21T16:21:03","modified_gmt":"2024-03-21T15:21:03","slug":"temoignages-2","status":"publish","type":"page","link":"https:\/\/association-marie-ngafa.org\/index.php\/temoignages-2\/","title":{"rendered":"T\u00e9moignages"},"content":{"rendered":"<p><span class=\"bumpedFont15\" style=\"line-height: 23.4px; font-size: 1.5em\"><span class=\"s6\" style=\"line-height: 15.6px; font-size: 13px; font-family\" times new roman caret-color: rgb color: font-style: normal font-variant-caps: font-weight: letter-spacing: orphans: auto text-align: start text-indent: text-transform: none white-space: widows: word-spacing: rgba text-decoration:>L\u2019AMN a re\u00e7u une lettre d\u2019une grande appr\u00e9ciation du Directeur du Coll\u00e8ge d&#8217;Enseignement&nbsp;Secondaire de MFIDA&nbsp;au nom des&nbsp;dirigeants et des filles pour&nbsp;le&nbsp;don&nbsp;enfournitures scolaire&nbsp;et la sensibilisation que l&#8217;AMN a fait au sein de cette de cet \u00e9tablissement scolaire. Cette lettre nous motive et nous prouve qu\u2019avec un peu de soutien,nous pouvons aider beaucoup de filles \u00e0 aller \u00e0&nbsp;l\u2019\u00e9cole.<\/span><\/span><\/p>\n<p class=\"s21\" style=\"margin-top: 0px; margin-bottom: 0px; line-height: 1.2; caret-color: rgb(0, 0, 0); color: rgb(0, 0, 0); font-family: -webkit-standard; font-size: 18px; font-style: normal; font-variant-caps: normal; font-weight: 400; letter-spacing: normal; orphans: auto; text-align: start; text-indent: 0px; text-transform: none; white-space: normal; widows: auto; word-spacing: 0px; -webkit-tap-highlight-color: rgba(26, 26, 26, 0.3); -webkit-text-size-adjust: none; -webkit-text-stroke-width: 0px; text-decoration: none\"><span class=\"s6\" style=\"line-height: 15.6px; font-size: 13px; font-family\" times new roman><span class=\"bumpedFont15\" style=\"line-height: 23.4px; font-size: 1.5em\">Les dirigeants du CES de Mfida nous ont inform\u00e9 que gr\u00e2ce \u00e0 nos dons de fournitures scolaire le taux de filles qui viennent \u00e0 l\u2019\u00e9cole a augment\u00e9, elles sont plus motiv\u00e9es, attentives, et travaillent mieux \u00e0 l\u2019\u00e9cole.<\/span><\/span><\/p>\n<p><img fetchpriority=\"high\" decoding=\"async\" src=\"http:\/\/association-marie-ngafa.org\/wp-content\/uploads\/2023\/12\/n.png\" width=\"273\" height=\"356\" alt=\"\" srcset=\"https:\/\/association-marie-ngafa.org\/wp-content\/uploads\/2023\/12\/n.png 273w, https:\/\/association-marie-ngafa.org\/wp-content\/uploads\/2023\/12\/n-230x300.png 230w\" sizes=\"(max-width: 273px) 100vw, 273px\"><\/p>\n<p><strong>Principle<\/strong><br \/>\nDirecteur du Centre d&#8217;\u00c9ducation MFIDA<\/p>\n<p><img decoding=\"async\" src=\"http:\/\/association-marie-ngafa.org\/wp-content\/uploads\/2023\/12\/m.jpg\" width=\"196\" height=\"261\" alt=\"\"><\/p>\n<p><strong>Nadine<\/strong><br \/>\nUne femme d\u00e9munie<\/p>\n<p><a href=\"\">Je m&#8217;appelle Nadine, j&#8217;ai 40 ans, m\u00e8re c\u00e9libataire de 6 enfants, depuis 3 ans, l&#8217;Association MARIE NGAFA s&#8217;occupe totalement de ma fille Marie Florence Cassandra, \u00e0 savoir : scolarit\u00e9, fournitures, v\u00eatements, argent de poche etc. Merci \u00e0 l&#8217;Association MARIE NGAFA.<\/a><\/p>\n<ul>\n<li><\/li>\n<\/ul>\n<p><img decoding=\"async\" src=\"http:\/\/association-marie-ngafa.org\/wp-content\/uploads\/2023\/12\/x.jpg\" width=\"221\" height=\"393\" alt=\"\" srcset=\"https:\/\/association-marie-ngafa.org\/wp-content\/uploads\/2023\/12\/x.jpg 221w, https:\/\/association-marie-ngafa.org\/wp-content\/uploads\/2023\/12\/x-169x300.jpg 169w\" sizes=\"(max-width: 221px) 100vw, 221px\"><\/p>\n<p><strong>NGONO Albertine<\/strong><br \/>\nUne femme d\u00e9munie<\/p>\n<p>Je m&#8217;appelle NGONO Albertine, je tiens \u00e0 remercier du fond du c\u0153ur l&#8217;Association MARIE NGAFA qui m&#8217;a aid\u00e9e \u00e0 payer la pension de ma fille Mbessa Marie Laurence.<\/p>\n","protected":false},"excerpt":{"rendered":"<p>L\u2019AMN a re\u00e7u une lettre d\u2019une grande appr\u00e9ciation du Directeur du Coll\u00e8ge d&#8217;Enseignement&nbsp;Secondaire de MFIDA&nbsp;au nom des&nbsp;dirigeants et des filles pour&nbsp;le&nbsp;don&nbsp;enfournitures scolaire&nbsp;et la sensibilisation que l&#8217;AMN a fait au sein de cette de cet \u00e9tablissement scolaire. Cette lettre nous motive et nous prouve qu\u2019avec un peu de soutien,nous pouvons aider beaucoup de filles \u00e0 aller [&hellip;]<\/p>\n","protected":false},"author":1,"featured_media":0,"parent":0,"menu_order":0,"comment_status":"closed","ping_status":"closed","template":"","meta":{"footnotes":""},"_links":{"self":[{"href":"https:\/\/association-marie-ngafa.org\/index.php\/wp-json\/wp\/v2\/pages\/1116"}],"collection":[{"href":"https:\/\/association-marie-ngafa.org\/index.php\/wp-json\/wp\/v2\/pages"}],"about":[{"href":"https:\/\/association-marie-ngafa.org\/index.php\/wp-json\/wp\/v2\/types\/page"}],"author":[{"embeddable":true,"href":"https:\/\/association-marie-ngafa.org\/index.php\/wp-json\/wp\/v2\/users\/1"}],"replies":[{"embeddable":true,"href":"https:\/\/association-marie-ngafa.org\/index.php\/wp-json\/wp\/v2\/comments?post=1116"}],"version-history":[{"count":2,"href":"https:\/\/association-marie-ngafa.org\/index.php\/wp-json\/wp\/v2\/pages\/1116\/revisions"}],"predecessor-version":[{"id":1119,"href":"https:\/\/association-marie-ngafa.org\/index.php\/wp-json\/wp\/v2\/pages\/1116\/revisions\/1119"}],"wp:attachment":[{"href":"https:\/\/association-marie-ngafa.org\/index.php\/wp-json\/wp\/v2\/media?parent=1116"}],"curies":[{"name":"wp","href":"https:\/\/api.w.org\/{rel}","templated":true}]}}