{"id":1099,"date":"2024-03-21T15:35:18","date_gmt":"2024-03-21T14:35:18","guid":{"rendered":"https:\/\/association-marie-ngafa.org\/?page_id=1099"},"modified":"2024-03-22T17:37:57","modified_gmt":"2024-03-22T16:37:57","slug":"causes","status":"publish","type":"page","link":"https:\/\/association-marie-ngafa.org\/index.php\/causes\/","title":{"rendered":"CAUSES"},"content":{"rendered":"<h3>Quels sont les probl\u00e8mes qui emp\u00eachent les jeunes filles d&#8217;aller \u00e0 l&#8217;\u00e9cole :<\/h3>\n<p>&#8211; <strong>La pauvret\u00e9 des parents<\/strong> : Les parents qui vivent dans la pauvret\u00e9 extr\u00eame au Cameroun ne parviennent m\u00eame pas \u00e0 nourrir leurs familles. Ils ont aussi des difficult\u00e9s \u00e0 envoyer tous leurs enfants \u00e0 l&#8217;\u00e9cole.<\/p>\n<p>&#8211; <strong>Les in\u00e9galit\u00e9s de sexe<\/strong> : Quand les moyens financiers sont limit\u00e9s, les parents pr\u00e9f\u00e8rent envoyer les gar\u00e7ons \u00e0 l&#8217;\u00e9cole au d\u00e9triment des filles.<\/p>\n<p>&#8211; <strong>Les croyances<\/strong> dans certaines coutumes pensent que \u00e7a ne vaut pas la peine d&#8217;envoyer une fille \u00e0 l&#8217;\u00e9cole, car le r\u00f4le de la fille est de se marier et faire des enfants.<\/p>\n<p>&#8211; <strong>Les dangers auxquels s&#8217;exposent les jeunes filles qui cherchent elles-m\u00eames les moyens d&#8217;aller \u00e0 l&#8217;\u00e9cole<\/strong> : Les jeunes filles d\u00e9munies qui cherchent elles-m\u00eames les moyens d&#8217;aller \u00e0 l&#8217;\u00e9cole deviennent victimes des abus et exploitations tels que : mariage et grossesses pr\u00e9coces, travaux forc\u00e9s, prostitution, trafic ainsi que maladies. Certaines perdent m\u00eame leurs vies.<\/p>\n<p>&#8211; <strong>Un acc\u00e8s limit\u00e9 aux soins de sant\u00e9<\/strong> : Un acc\u00e8s limit\u00e9 aux services de sant\u00e9 peut affecter le bien-\u00eatre des filles.<\/p>\n<p>&#8211; <strong>Probl\u00e8mes de s\u00e9curit\u00e9<\/strong> : Les r\u00e9gions touch\u00e9es par le conflit peuvent pr\u00e9senter des risques s\u00e9curitaires, qui emp\u00eachent les parents d&#8217;envoyer leurs filles \u00e0 l&#8217;\u00e9cole.<\/p>\n<p class=\"s4\" style=\"margin-top: 0px; margin-bottom: 0px; line-height: 1.38; caret-color: rgb(0, 0, 0); color: rgb(0, 0, 0); font-family: -webkit-standard; font-size: 18px; font-style: normal; font-variant-caps: normal; font-weight: 400; letter-spacing: normal; orphans: auto; text-align: start; text-indent: 0px; text-transform: none; white-space: normal; widows: auto; word-spacing: 0px; -webkit-tap-highlight-color: rgba(26, 26, 26, 0.3); -webkit-text-size-adjust: none; -webkit-text-stroke-width: 0px; text-decoration: none\"><span style=\"line-height: 21.6px\">&nbsp;<\/span><\/p>\n<h4><img fetchpriority=\"high\" decoding=\"async\" src=\"https:\/\/association-marie-ngafa.org\/wp-content\/uploads\/2024\/01\/img_20230618_163602_070-12803732408932091945.jpg\" class=\"alignnone size-full wp-image-835\" width=\"1500\" height=\"2000\" data-temp-aztec-id=\"cfb76d26-16e7-4520-b3a9-b6b711cf157e\" srcset=\"https:\/\/association-marie-ngafa.org\/wp-content\/uploads\/2024\/01\/img_20230618_163602_070-12803732408932091945.jpg 1500w, https:\/\/association-marie-ngafa.org\/wp-content\/uploads\/2024\/01\/img_20230618_163602_070-12803732408932091945-225x300.jpg 225w, https:\/\/association-marie-ngafa.org\/wp-content\/uploads\/2024\/01\/img_20230618_163602_070-12803732408932091945-768x1024.jpg 768w, https:\/\/association-marie-ngafa.org\/wp-content\/uploads\/2024\/01\/img_20230618_163602_070-12803732408932091945-1152x1536.jpg 1152w\" sizes=\"(max-width: 1500px) 100vw, 1500px\" \/><\/h4>\n","protected":false},"excerpt":{"rendered":"<p>Quels sont les probl\u00e8mes qui emp\u00eachent les jeunes filles d&#8217;aller \u00e0 l&#8217;\u00e9cole : &#8211; La pauvret\u00e9 des parents : Les parents qui vivent dans la pauvret\u00e9 extr\u00eame au Cameroun ne parviennent m\u00eame pas \u00e0 nourrir leurs familles. Ils ont aussi des difficult\u00e9s \u00e0 envoyer tous leurs enfants \u00e0 l&#8217;\u00e9cole. &#8211; Les in\u00e9galit\u00e9s de sexe : [&hellip;]<\/p>\n","protected":false},"author":1,"featured_media":0,"parent":0,"menu_order":0,"comment_status":"closed","ping_status":"closed","template":"","meta":{"footnotes":""},"_links":{"self":[{"href":"https:\/\/association-marie-ngafa.org\/index.php\/wp-json\/wp\/v2\/pages\/1099"}],"collection":[{"href":"https:\/\/association-marie-ngafa.org\/index.php\/wp-json\/wp\/v2\/pages"}],"about":[{"href":"https:\/\/association-marie-ngafa.org\/index.php\/wp-json\/wp\/v2\/types\/page"}],"author":[{"embeddable":true,"href":"https:\/\/association-marie-ngafa.org\/index.php\/wp-json\/wp\/v2\/users\/1"}],"replies":[{"embeddable":true,"href":"https:\/\/association-marie-ngafa.org\/index.php\/wp-json\/wp\/v2\/comments?post=1099"}],"version-history":[{"count":3,"href":"https:\/\/association-marie-ngafa.org\/index.php\/wp-json\/wp\/v2\/pages\/1099\/revisions"}],"predecessor-version":[{"id":1164,"href":"https:\/\/association-marie-ngafa.org\/index.php\/wp-json\/wp\/v2\/pages\/1099\/revisions\/1164"}],"wp:attachment":[{"href":"https:\/\/association-marie-ngafa.org\/index.php\/wp-json\/wp\/v2\/media?parent=1099"}],"curies":[{"name":"wp","href":"https:\/\/api.w.org\/{rel}","templated":true}]}}