{"id":1024,"date":"2024-03-20T08:15:11","date_gmt":"2024-03-20T07:15:11","guid":{"rendered":"https:\/\/association-marie-ngafa.org\/?page_id=1024"},"modified":"2024-03-20T10:56:00","modified_gmt":"2024-03-20T09:56:00","slug":"accueil","status":"publish","type":"page","link":"https:\/\/association-marie-ngafa.org\/index.php\/accueil\/","title":{"rendered":""},"content":{"rendered":"\n<div class=\"wp-block-buttons is-layout-flex wp-block-buttons-is-layout-flex\">\n<div class=\"wp-block-button\"><a class=\"wp-block-button__link has-luminous-vivid-orange-background-color has-background wp-element-button\" href=\"\" rel=\"\">ACCUEIL<mark style=\"background-color: rgba(0,0,0,0); color: #000000\" class=\"has-inline-color has-black-color\"> <\/mark><\/a><\/div>\n\n\n\n<div class=\"wp-block-button\"><a class=\"wp-block-button__link has-luminous-vivid-orange-background-color has-background wp-element-button\" href=\"\" rel=\"\">CAUSES<\/a><\/div>\n\n\n\n<div class=\"wp-block-button\"><a class=\"wp-block-button__link has-luminous-vivid-orange-background-color has-background wp-element-button\" href=\"\" rel=\"\">R\u00c9ALISATIONS<\/a><\/div>\n\n\n\n<div class=\"wp-block-button\"><a class=\"wp-block-button__link has-luminous-vivid-orange-background-color has-background wp-element-button\" href=\"\" rel=\"\">CAMPAGNES <\/a><\/div>\n\n\n\n<div class=\"wp-block-button\"><a class=\"wp-block-button__link has-luminous-vivid-orange-background-color has-background wp-element-button\" href=\"\" rel=\"\">BESOINS<\/a><\/div>\n\n\n\n<div class=\"wp-block-button\"><a class=\"wp-block-button__link has-luminous-vivid-orange-background-color has-background wp-element-button\" href=\"\" rel=\"\">T\u00c9MOIGNAGES <\/a><\/div>\n\n\n\n<div class=\"wp-block-button\"><a class=\"wp-block-button__link has-luminous-vivid-orange-background-color has-background wp-element-button\" href=\"\" rel=\"\">FAQ<\/a><\/div>\n<\/div>\n\n\n\n<div class=\"wp-block-group alignfull\" style=\"margin-top:0px;margin-bottom:0px;padding-top:7vw;padding-right:var(--wp--preset--spacing--50);padding-bottom:7vw;padding-left:var(--wp--preset--spacing--50)\"><div class=\"wp-block-group__inner-container is-layout-constrained wp-block-group-is-layout-constrained\">\n<div class=\"wp-block-columns alignwide is-layout-flex wp-container-core-columns-is-layout-1 wp-block-columns-is-layout-flex\">\n<div class=\"wp-block-column is-layout-flow wp-block-column-is-layout-flow\" style=\"flex-basis:20%\"><\/div>\n\n\n\n<div class=\"wp-block-column is-layout-flow wp-block-column-is-layout-flow\" style=\"flex-basis:80%\"><\/div>\n<\/div>\n<\/div><\/div>\n\n\n\n<div class=\"wp-block-group alignfull has-white-color has-black-background-color has-text-color has-background has-link-color wp-elements-b6ea493964ca8c6fc9a9c4c21b317116\" style=\"margin-top:0px;margin-bottom:0px;padding-top:7vw;padding-right:var(--wp--preset--spacing--50);padding-bottom:7vw;padding-left:var(--wp--preset--spacing--50)\"><div class=\"wp-block-group__inner-container is-layout-constrained wp-block-group-is-layout-constrained\">\n<div class=\"wp-block-columns alignwide is-layout-flex wp-container-core-columns-is-layout-3 wp-block-columns-is-layout-flex\">\n<div class=\"wp-block-column is-layout-flow wp-block-column-is-layout-flow\" style=\"flex-basis:20%\">\n<h3 class=\"wp-block-heading has-background-color has-text-color has-link-color has-medium-font-size wp-elements-200c9a42ac1a6c27a46f83053733c850\">NOTRE MISSION :<\/h3>\n\n\n\n<p>L\u2019Association MARIE NGAFA (AMN) a pour mission d\u2019aider \u00e0 \u00e9liminer les obstacles qui emp\u00eachent les jeunes filles pauvres au Cameroun d\u2019aller \u00e0 l\u2019\u00e9cole. En leur fournissant le mat\u00e9riel scolaire, et en couvrant les autres d\u00e9penses \u00e9ducatives n\u00e9cessaires dont elles ont besoin pour s\u2019inscrire et r\u00e9ussir \u00e0 l\u2019\u00e9cole, y compris : la pension, les fournitures scolaires, les tenues, le transport, les cours de r\u00e9p\u00e9tition\u2026<\/p>\n\n\n\n<p>Au sein de l\u2019Association MARIE NGAFA, nous croyons en la puissance de l\u2019\u00e9ducation. Nous affirmons que l\u2019\u00e9ducation peut transformer les vies des jeunes filles en difficult\u00e9, briser le cycle de la pauvret\u00e9, rendre autonomes et cr\u00e9er un avenir plus radieux.<\/p>\n<\/div>\n\n\n\n<div class=\"wp-block-column is-layout-flow wp-block-column-is-layout-flow\" style=\"flex-basis:80%\">\n<div class=\"wp-block-columns is-layout-flex wp-container-core-columns-is-layout-2 wp-block-columns-is-layout-flex\">\n<div class=\"wp-block-column is-layout-flow wp-block-column-is-layout-flow\">\n<figure class=\"wp-block-image size-large\"><img decoding=\"async\" src=\"https:\/\/a8ctm1.files.wordpress.com\/2020\/01\/bench-accounting-c3v88boorom-unsplash.jpg?w=750\" alt=\"\"\/><\/figure>\n\n\n\n<h4 class=\"wp-block-heading has-background-color has-text-color has-link-color has-medium-font-size wp-elements-8192379900e1cc7ca80cf90806ea2b1f\">NOTRE VISION :<\/h4>\n\n\n\n<p class=\"has-small-font-size\">L\u2019Association MARIE NGAFA (AMN) envisage un monde o\u00f9 chaque fille a l\u2019opportunit\u00e9 d\u2019aller \u00e0 l\u2019\u00e9cole, ind\u00e9pendamment de sa classe sociale, de son ethnie, de sa religion ou de sa race.<\/p>\n<\/div>\n\n\n\n<div class=\"wp-block-column is-layout-flow wp-block-column-is-layout-flow\">\n<p>Savez-vous qu\u2019une fille bien \u00e9duqu\u00e9e excelle \u00e0 l\u2019\u00e9cole et devient un moteur de d\u00e9veloppement pour elle-m\u00eame, sa famille et la soci\u00e9t\u00e9.<\/p>\n\n\n\n<p>Rejoignez-nous dans notre mission visant \u00e0 autonomiser les filles au Cameroun, briser le cycle de la pauvret\u00e9 et cr\u00e9er un avenir meilleur.<\/p>\n<\/div>\n<\/div>\n<\/div>\n<\/div>\n<\/div><\/div>\n\n\n\n<div class=\"wp-block-group alignfull\" style=\"margin-top:0px;margin-bottom:0px;padding-top:7vw;padding-right:var(--wp--preset--spacing--50);padding-bottom:7vw;padding-left:var(--wp--preset--spacing--50)\"><div class=\"wp-block-group__inner-container is-layout-constrained wp-block-group-is-layout-constrained\">\n<div class=\"wp-block-columns alignwide is-layout-flex wp-container-core-columns-is-layout-5 wp-block-columns-is-layout-flex\">\n<div class=\"wp-block-column is-layout-flow wp-block-column-is-layout-flow\" style=\"flex-basis:20%\">\n<h2 class=\"wp-block-heading has-medium-font-size\"><span class=\"uppercase\">Ensemble, soutenons les jeunes filles en difficult\u00e9.<\/span><\/h2>\n<\/div>\n\n\n\n<div class=\"wp-block-column is-layout-flow wp-block-column-is-layout-flow\" style=\"flex-basis:80%\">\n<div class=\"wp-block-columns is-layout-flex wp-container-core-columns-is-layout-4 wp-block-columns-is-layout-flex\">\n<div class=\"wp-block-column is-layout-flow wp-block-column-is-layout-flow\"><\/div>\n<\/div>\n<\/div>\n<\/div>\n<\/div><\/div>\n\n\n\n<div class=\"wp-block-group alignfull has-white-color has-black-background-color has-text-color has-background\" style=\"margin-top:0px;margin-bottom:0px;padding-top:7vw;padding-right:var(--wp--preset--spacing--50);padding-bottom:7vw;padding-left:var(--wp--preset--spacing--50)\"><div class=\"wp-block-group__inner-container is-layout-constrained wp-block-group-is-layout-constrained\">\n<div class=\"wp-block-columns alignwide is-layout-flex wp-container-core-columns-is-layout-6 wp-block-columns-is-layout-flex\">\n<div class=\"wp-block-column is-layout-flow wp-block-column-is-layout-flow\" style=\"flex-basis:20%\"><\/div>\n\n\n\n<div class=\"wp-block-column is-layout-flow wp-block-column-is-layout-flow\" style=\"flex-basis:80%\">\n<h2 class=\"wp-block-heading has-background-color has-text-color has-x-large-font-size\">Cr\u00e9ons quelque chose de grand ensemble !<\/h2>\n\n\n\n<div class=\"wp-block-buttons is-layout-flex wp-block-buttons-is-layout-flex\">\n<div class=\"wp-block-button\"><a class=\"wp-block-button__link has-black-color has-white-background-color has-text-color has-background wp-element-button\" rel=\"#\">Prendre un rendez-vous<\/a><\/div>\n<\/div>\n<\/div>\n<\/div>\n<\/div><\/div>\n\n\n\n<div class=\"wp-block-cover is-light\"><span aria-hidden=\"true\" class=\"wp-block-cover__background has-vivid-green-cyan-background-color has-background-dim-100 has-background-dim\"><\/span><div class=\"wp-block-cover__inner-container is-layout-constrained wp-block-cover-is-layout-constrained\">\n<p class=\"has-text-align-center\"><\/p>\n<\/div><\/div>\n","protected":false},"excerpt":{"rendered":"<p>NOTRE MISSION : L\u2019Association MARIE NGAFA (AMN) a pour mission d\u2019aider \u00e0 \u00e9liminer les obstacles qui emp\u00eachent les jeunes filles pauvres au Cameroun d\u2019aller \u00e0 l\u2019\u00e9cole. En leur fournissant le mat\u00e9riel scolaire, et en couvrant les autres d\u00e9penses \u00e9ducatives n\u00e9cessaires dont elles ont besoin pour s\u2019inscrire et r\u00e9ussir \u00e0 l\u2019\u00e9cole, y compris : la pension, [&hellip;]<\/p>\n","protected":false},"author":1,"featured_media":0,"parent":0,"menu_order":0,"comment_status":"closed","ping_status":"closed","template":"","meta":{"footnotes":""},"_links":{"self":[{"href":"https:\/\/association-marie-ngafa.org\/index.php\/wp-json\/wp\/v2\/pages\/1024"}],"collection":[{"href":"https:\/\/association-marie-ngafa.org\/index.php\/wp-json\/wp\/v2\/pages"}],"about":[{"href":"https:\/\/association-marie-ngafa.org\/index.php\/wp-json\/wp\/v2\/types\/page"}],"author":[{"embeddable":true,"href":"https:\/\/association-marie-ngafa.org\/index.php\/wp-json\/wp\/v2\/users\/1"}],"replies":[{"embeddable":true,"href":"https:\/\/association-marie-ngafa.org\/index.php\/wp-json\/wp\/v2\/comments?post=1024"}],"version-history":[{"count":8,"href":"https:\/\/association-marie-ngafa.org\/index.php\/wp-json\/wp\/v2\/pages\/1024\/revisions"}],"predecessor-version":[{"id":1035,"href":"https:\/\/association-marie-ngafa.org\/index.php\/wp-json\/wp\/v2\/pages\/1024\/revisions\/1035"}],"wp:attachment":[{"href":"https:\/\/association-marie-ngafa.org\/index.php\/wp-json\/wp\/v2\/media?parent=1024"}],"curies":[{"name":"wp","href":"https:\/\/api.w.org\/{rel}","templated":true}]}}